{"id":5,"date":"2024-03-27T15:39:02","date_gmt":"2024-03-27T18:39:02","guid":{"rendered":"http:\/\/starteisoft.com.br\/?page_id=5"},"modified":"2024-03-27T15:39:02","modified_gmt":"2024-03-27T18:39:02","slug":"politica-de-privacidade-final-point-tkd","status":"publish","type":"page","link":"https:\/\/starteisoft.com.br\/?page_id=5","title":{"rendered":"Pol\u00edtica de privacidade (Final Point TKD)"},"content":{"rendered":"\n<h2 class=\"wp-block-heading\">Pol\u00edtica de privacidade app<\/h2>\n\n\n\n<p><strong>INFORMA\u00c7\u00d5ES QUE COLETAMOS<\/strong><br><br>Coletamos informa\u00e7\u00f5es sobre a identifica\u00e7\u00e3o do dispositivo (n\u00famero de s\u00e9rie, modelo, vers\u00e3o do SO) como forma de identifica\u00e7\u00e3o \u00fanica do dispositivo para conceder ou negar licen\u00e7a ao usu\u00e1rio de usar a aplica\u00e7\u00e3o al\u00e9m de uso em estat\u00edsticas de modelos e vers\u00f5es dos dispositivos. Algumas dessas informa\u00e7\u00f5es s\u00e3o enviadas pelo usu\u00e1rio (como nome, email, nome da empresa e telefone para contato) para fins de contatos futuros e autoriza\u00e7\u00e3o da aplica\u00e7\u00e3o. N\u00e3o coletamos informa\u00e7\u00f5es de lista de contatos (somente os dados informados acima do dono do dispositivo) e nem efetuar liga\u00e7\u00f5es ou envio de SMS em nome do usu\u00e1rio.<\/p>\n\n\n\n<p><br><strong>USO DE RECURSOS DO DISPOSITIVO<\/strong><\/p>\n\n\n\n<p>Utilizamos a c\u00e2mera somente como leitor de c\u00f3digo barras para facilitar a visualiza\u00e7\u00e3o de informa\u00e7\u00f5es de produtos cadastrados no sistema Final Point TKD.<\/p>\n\n\n\n<p><br><strong>ACESSO A DADOS EXTERNOS<\/strong><\/p>\n\n\n\n<p>Nosso aplicativo se conecta a um websevice criado pela Startei para permitir aos usu\u00e1rios visualizarem informa\u00e7\u00f5es referentes ao aplicativo Final Point TKD. Esse acesso \u00e9 concedido ao dispositivo mediante contato pr\u00e9vio via email ou telefone com o representante ou pessoa autorizada\u00a0da\u00a0organiza\u00e7\u00e3o.<\/p>\n\n\n\n<p><strong>EXCLUS\u00c3O DE DADOS<\/strong><\/p>\n\n\n\n<p>Caso deseje que seus dados sejam exclu\u00eddos definitivamente, entre em contato conosco atrav\u00e9s do email contato@starteisoft.com.br e fale com um de nossos atendentes do setor administrativo ou procure a op\u00e7\u00e3o \u201cExcluir conta\u201d diretamente no aplicativo.<\/p>\n","protected":false},"excerpt":{"rendered":"<p>Pol\u00edtica de privacidade app INFORMA\u00c7\u00d5ES QUE COLETAMOS Coletamos informa\u00e7\u00f5es sobre a identifica\u00e7\u00e3o do dispositivo (n\u00famero de s\u00e9rie, modelo, vers\u00e3o do SO) como forma de identifica\u00e7\u00e3o \u00fanica do dispositivo para conceder ou negar licen\u00e7a ao usu\u00e1rio de usar a aplica\u00e7\u00e3o al\u00e9m de uso em estat\u00edsticas de modelos e vers\u00f5es dos dispositivos. Algumas dessas informa\u00e7\u00f5es s\u00e3o enviadas [&hellip;]<\/p>\n","protected":false},"author":1,"featured_media":0,"parent":0,"menu_order":0,"comment_status":"closed","ping_status":"closed","template":"","meta":{"footnotes":""},"_links":{"self":[{"href":"https:\/\/starteisoft.com.br\/index.php?rest_route=\/wp\/v2\/pages\/5"}],"collection":[{"href":"https:\/\/starteisoft.com.br\/index.php?rest_route=\/wp\/v2\/pages"}],"about":[{"href":"https:\/\/starteisoft.com.br\/index.php?rest_route=\/wp\/v2\/types\/page"}],"author":[{"embeddable":true,"href":"https:\/\/starteisoft.com.br\/index.php?rest_route=\/wp\/v2\/users\/1"}],"replies":[{"embeddable":true,"href":"https:\/\/starteisoft.com.br\/index.php?rest_route=%2Fwp%2Fv2%2Fcomments&post=5"}],"version-history":[{"count":1,"href":"https:\/\/starteisoft.com.br\/index.php?rest_route=\/wp\/v2\/pages\/5\/revisions"}],"predecessor-version":[{"id":7,"href":"https:\/\/starteisoft.com.br\/index.php?rest_route=\/wp\/v2\/pages\/5\/revisions\/7"}],"wp:attachment":[{"href":"https:\/\/starteisoft.com.br\/index.php?rest_route=%2Fwp%2Fv2%2Fmedia&parent=5"}],"curies":[{"name":"wp","href":"https:\/\/api.w.org\/{rel}","templated":true}]}}